{"id":970,"date":"2016-08-30T17:44:34","date_gmt":"2016-08-30T15:44:34","guid":{"rendered":"http:\/\/sevedebygden.naturskyddsforeningen.se\/?page_id=970"},"modified":"2021-04-23T13:13:14","modified_gmt":"2021-04-23T11:13:14","slug":"slatter-pa-sundsangen","status":"publish","type":"page","link":"https:\/\/vimmerby.naturskyddsforeningen.se\/?page_id=970","title":{"rendered":"Sl\u00e5tter p\u00e5 Sunds\u00e4ngen"},"content":{"rendered":"<p><a href=\"https:\/\/vimmerby.naturskyddsforeningen.se\/wp-content\/uploads\/sites\/46\/2015\/07\/slatter.jpg\"><img loading=\"lazy\" decoding=\"async\" class=\"alignnone wp-image-733\" src=\"https:\/\/vimmerby.naturskyddsforeningen.se\/wp-content\/uploads\/sites\/46\/2015\/07\/slatter-300x225.jpg\" alt=\"\" width=\"299\" height=\"225\" srcset=\"https:\/\/vimmerby.naturskyddsforeningen.se\/wp-content\/uploads\/sites\/46\/2015\/07\/slatter-300x225.jpg 300w, https:\/\/vimmerby.naturskyddsforeningen.se\/wp-content\/uploads\/sites\/46\/2015\/07\/slatter.jpg 472w\" sizes=\"(max-width: 299px) 100vw, 299px\" \/>\u00a0\u00a0\u00a0\u00a0<\/a><a href=\"https:\/\/vimmerby.naturskyddsforeningen.se\/wp-content\/uploads\/sites\/46\/2018\/03\/sl\u00e5tter.jpg\"><img loading=\"lazy\" decoding=\"async\" class=\"alignnone size-medium wp-image-1195\" src=\"https:\/\/vimmerby.naturskyddsforeningen.se\/wp-content\/uploads\/sites\/46\/2018\/03\/sl\u00e5tter-300x225.jpg\" alt=\"\" width=\"300\" height=\"225\" srcset=\"https:\/\/vimmerby.naturskyddsforeningen.se\/wp-content\/uploads\/sites\/46\/2018\/03\/sl\u00e5tter-300x225.jpg 300w, https:\/\/vimmerby.naturskyddsforeningen.se\/wp-content\/uploads\/sites\/46\/2018\/03\/sl\u00e5tter-768x576.jpg 768w, https:\/\/vimmerby.naturskyddsforeningen.se\/wp-content\/uploads\/sites\/46\/2018\/03\/sl\u00e5tter-560x420.jpg 560w, https:\/\/vimmerby.naturskyddsforeningen.se\/wp-content\/uploads\/sites\/46\/2018\/03\/sl\u00e5tter.jpg 960w\" sizes=\"(max-width: 300px) 100vw, 300px\" \/><\/a><\/p>\n<table>\n<tbody>\n<tr>\n<td style=\"text-align: left\" width=\"449\"><b>Sl\u00e5tter i slutet av sommaren<br \/>\n<\/b>F\u00f6r att beh\u00e5lla sin biologiska m\u00e5ngfald och sitt kulturhistoriska v\u00e4rde beh\u00f6ver l\u00f6v\u00e4ngen sk\u00f6tas tv\u00e5 g\u00e5nger\/\u00e5r. Fagningen (st\u00e4da\/r\u00e4fsa l\u00f6v) i b\u00f6rjan av v\u00e5ren och sl\u00e5ttern, ev med h\u00f6h\u00e4ssjning, i slutet av sommaren. Kretsen f\u00e5r ocks\u00e5 ett bidrag fr\u00e5n Jordbruksverket f\u00f6r sk\u00f6tseln. Ta g\u00e4rna med lie och r\u00e4fsa om du vill<br \/>\nGl\u00f6m inte fikakorgen!<br \/>\n<em><br \/>\n<\/em>Sunds\u00e4ngen hittar du om du k\u00f6r via S\u00f6dra Vi och vidare mot Djursdala. Efter att du passerat Kr\u00f6nsbron \u00e4r det bara en knapp kilometer upp till h\u00f6ger i backen. Fr\u00e5n Vimmerby via Pr\u00e4stg\u00e5rdsgatan, k\u00f6r mot Djursdala, sv\u00e4ng h\u00f6ger vid korsningen S\u00f6dra Vi-Djursdala.<a href=\"https:\/\/vimmerby.naturskyddsforeningen.se\/wp-content\/uploads\/sites\/46\/2017\/08\/sunds\u00e4ngen.jpg\"><img loading=\"lazy\" decoding=\"async\" class=\"alignnone size-medium wp-image-1143\" src=\"https:\/\/vimmerby.naturskyddsforeningen.se\/wp-content\/uploads\/sites\/46\/2017\/08\/sunds\u00e4ngen-300x228.jpg\" alt=\"\" width=\"300\" height=\"228\" srcset=\"https:\/\/vimmerby.naturskyddsforeningen.se\/wp-content\/uploads\/sites\/46\/2017\/08\/sunds\u00e4ngen-300x228.jpg 300w, https:\/\/vimmerby.naturskyddsforeningen.se\/wp-content\/uploads\/sites\/46\/2017\/08\/sunds\u00e4ngen-768x583.jpg 768w, https:\/\/vimmerby.naturskyddsforeningen.se\/wp-content\/uploads\/sites\/46\/2017\/08\/sunds\u00e4ngen-560x425.jpg 560w, https:\/\/vimmerby.naturskyddsforeningen.se\/wp-content\/uploads\/sites\/46\/2017\/08\/sunds\u00e4ngen.jpg 807w\" sizes=\"(max-width: 300px) 100vw, 300px\" \/><br \/>\nF\u00f6r st\u00f6rre bild, klicka p\u00e5 bilden<\/a><\/td>\n<\/tr>\n<\/tbody>\n<\/table>\n","protected":false},"excerpt":{"rendered":"<p>\u00a0\u00a0\u00a0\u00a0 Sl\u00e5tter i slutet av sommaren F\u00f6r att beh\u00e5lla sin biologiska m\u00e5ngfald och sitt kulturhistoriska v\u00e4rde beh\u00f6ver l\u00f6v\u00e4ngen sk\u00f6tas tv\u00e5 g\u00e5nger\/\u00e5r. Fagningen (st\u00e4da\/r\u00e4fsa l\u00f6v) i b\u00f6rjan av v\u00e5ren och sl\u00e5ttern, ev med h\u00f6h\u00e4ssjning, i slutet av sommaren. Kretsen f\u00e5r ocks\u00e5 ett bidrag fr\u00e5n Jordbruksverket f\u00f6r sk\u00f6tseln. Ta g\u00e4rna med lie och r\u00e4fsa om du vill [&hellip;]<\/p>\n","protected":false},"author":32,"featured_media":0,"parent":0,"menu_order":0,"comment_status":"closed","ping_status":"closed","template":"","meta":{"_acf_changed":false,"footnotes":""},"acf":[],"jetpack_sharing_enabled":true,"featured_image_src":null,"featured_image_src_square":null,"_links":{"self":[{"href":"https:\/\/vimmerby.naturskyddsforeningen.se\/index.php?rest_route=\/wp\/v2\/pages\/970"}],"collection":[{"href":"https:\/\/vimmerby.naturskyddsforeningen.se\/index.php?rest_route=\/wp\/v2\/pages"}],"about":[{"href":"https:\/\/vimmerby.naturskyddsforeningen.se\/index.php?rest_route=\/wp\/v2\/types\/page"}],"author":[{"embeddable":true,"href":"https:\/\/vimmerby.naturskyddsforeningen.se\/index.php?rest_route=\/wp\/v2\/users\/32"}],"replies":[{"embeddable":true,"href":"https:\/\/vimmerby.naturskyddsforeningen.se\/index.php?rest_route=%2Fwp%2Fv2%2Fcomments&post=970"}],"version-history":[{"count":35,"href":"https:\/\/vimmerby.naturskyddsforeningen.se\/index.php?rest_route=\/wp\/v2\/pages\/970\/revisions"}],"predecessor-version":[{"id":1533,"href":"https:\/\/vimmerby.naturskyddsforeningen.se\/index.php?rest_route=\/wp\/v2\/pages\/970\/revisions\/1533"}],"wp:attachment":[{"href":"https:\/\/vimmerby.naturskyddsforeningen.se\/index.php?rest_route=%2Fwp%2Fv2%2Fmedia&parent=970"}],"curies":[{"name":"wp","href":"https:\/\/api.w.org\/{rel}","templated":true}]}}