{"id":877,"date":"2016-03-23T15:40:21","date_gmt":"2016-03-23T14:40:21","guid":{"rendered":"http:\/\/sevedebygden.naturskyddsforeningen.se\/?page_id=877"},"modified":"2021-04-22T17:38:49","modified_gmt":"2021-04-22T15:38:49","slug":"program-2016","status":"publish","type":"page","link":"https:\/\/vimmerby.naturskyddsforeningen.se\/?page_id=877","title":{"rendered":"Program"},"content":{"rendered":"<p>Aktiviteter som brukar vara \u00e5terkommande programpunkter.<\/p>\n<p>I \u00e5r ser det lite annorlunda ut p\u00e5 grund av Coronapandemin. H\u00e5ll utkik h\u00e4r p\u00e5 hemsidan och p\u00e5 v\u00e5r Facebook, s\u00e5 l\u00e4gger vi ut eventuella aktiviteter l\u00f6pande.<\/p>\n","protected":false},"excerpt":{"rendered":"<p>Aktiviteter som brukar vara \u00e5terkommande programpunkter. I \u00e5r ser det lite annorlunda ut p\u00e5 grund av Coronapandemin. H\u00e5ll utkik h\u00e4r p\u00e5 hemsidan och p\u00e5 v\u00e5r Facebook, s\u00e5 l\u00e4gger vi ut eventuella aktiviteter l\u00f6pande.<\/p>\n","protected":false},"author":32,"featured_media":0,"parent":0,"menu_order":0,"comment_status":"closed","ping_status":"closed","template":"","meta":{"_acf_changed":false,"footnotes":""},"acf":[],"jetpack_sharing_enabled":true,"featured_image_src":null,"featured_image_src_square":null,"_links":{"self":[{"href":"https:\/\/vimmerby.naturskyddsforeningen.se\/index.php?rest_route=\/wp\/v2\/pages\/877"}],"collection":[{"href":"https:\/\/vimmerby.naturskyddsforeningen.se\/index.php?rest_route=\/wp\/v2\/pages"}],"about":[{"href":"https:\/\/vimmerby.naturskyddsforeningen.se\/index.php?rest_route=\/wp\/v2\/types\/page"}],"author":[{"embeddable":true,"href":"https:\/\/vimmerby.naturskyddsforeningen.se\/index.php?rest_route=\/wp\/v2\/users\/32"}],"replies":[{"embeddable":true,"href":"https:\/\/vimmerby.naturskyddsforeningen.se\/index.php?rest_route=%2Fwp%2Fv2%2Fcomments&post=877"}],"version-history":[{"count":9,"href":"https:\/\/vimmerby.naturskyddsforeningen.se\/index.php?rest_route=\/wp\/v2\/pages\/877\/revisions"}],"predecessor-version":[{"id":1476,"href":"https:\/\/vimmerby.naturskyddsforeningen.se\/index.php?rest_route=\/wp\/v2\/pages\/877\/revisions\/1476"}],"wp:attachment":[{"href":"https:\/\/vimmerby.naturskyddsforeningen.se\/index.php?rest_route=%2Fwp%2Fv2%2Fmedia&parent=877"}],"curies":[{"name":"wp","href":"https:\/\/api.w.org\/{rel}","templated":true}]}}