{"id":751,"date":"2015-07-15T08:57:15","date_gmt":"2015-07-15T06:57:15","guid":{"rendered":"http:\/\/sevedebygden.naturskyddsforeningen.se\/?page_id=751"},"modified":"2026-04-19T13:53:46","modified_gmt":"2026-04-19T11:53:46","slug":"var-styrelse","status":"publish","type":"page","link":"https:\/\/vimmerby.naturskyddsforeningen.se\/?page_id=751","title":{"rendered":"V\u00e5r styrelse"},"content":{"rendered":"<p>Ordf\u00f6rande: vakant<\/p>\n<p>Vice ordf\u00f6rande: Caroline Axelsson<\/p>\n<p>Kass\u00f6r: Ulf Fransson<\/p>\n<p>Sekreterare: Jana Anckarman<\/p>\n<p>Ledamot: Carina Beijer<\/p>\n<p>Ers\u00e4ttare: Kicki Willysson och Annika Fundin<\/p>\n<p>Mailadress: naturskyddsforeningen.vimmerby@gmail.com<\/p>\n","protected":false},"excerpt":{"rendered":"<p>Ordf\u00f6rande: vakant Vice ordf\u00f6rande: Caroline Axelsson Kass\u00f6r: Ulf Fransson Sekreterare: Jana Anckarman Ledamot: Carina Beijer Ers\u00e4ttare: Kicki Willysson och Annika Fundin Mailadress: naturskyddsforeningen.vimmerby@gmail.com<\/p>\n","protected":false},"author":32,"featured_media":0,"parent":0,"menu_order":0,"comment_status":"open","ping_status":"open","template":"","meta":{"_acf_changed":false,"footnotes":""},"acf":[],"jetpack_sharing_enabled":true,"featured_image_src":null,"featured_image_src_square":null,"_links":{"self":[{"href":"https:\/\/vimmerby.naturskyddsforeningen.se\/index.php?rest_route=\/wp\/v2\/pages\/751"}],"collection":[{"href":"https:\/\/vimmerby.naturskyddsforeningen.se\/index.php?rest_route=\/wp\/v2\/pages"}],"about":[{"href":"https:\/\/vimmerby.naturskyddsforeningen.se\/index.php?rest_route=\/wp\/v2\/types\/page"}],"author":[{"embeddable":true,"href":"https:\/\/vimmerby.naturskyddsforeningen.se\/index.php?rest_route=\/wp\/v2\/users\/32"}],"replies":[{"embeddable":true,"href":"https:\/\/vimmerby.naturskyddsforeningen.se\/index.php?rest_route=%2Fwp%2Fv2%2Fcomments&post=751"}],"version-history":[{"count":55,"href":"https:\/\/vimmerby.naturskyddsforeningen.se\/index.php?rest_route=\/wp\/v2\/pages\/751\/revisions"}],"predecessor-version":[{"id":1784,"href":"https:\/\/vimmerby.naturskyddsforeningen.se\/index.php?rest_route=\/wp\/v2\/pages\/751\/revisions\/1784"}],"wp:attachment":[{"href":"https:\/\/vimmerby.naturskyddsforeningen.se\/index.php?rest_route=%2Fwp%2Fv2%2Fmedia&parent=751"}],"curies":[{"name":"wp","href":"https:\/\/api.w.org\/{rel}","templated":true}]}}