{"id":1485,"date":"2021-04-22T18:30:04","date_gmt":"2021-04-22T16:30:04","guid":{"rendered":"https:\/\/sevedebygden.naturskyddsforeningen.se\/?page_id=1485"},"modified":"2021-04-23T08:54:00","modified_gmt":"2021-04-23T06:54:00","slug":"natursnokarna-2","status":"publish","type":"page","link":"https:\/\/vimmerby.naturskyddsforeningen.se\/?page_id=1485","title":{"rendered":"Natursnokarna"},"content":{"rendered":"<p><a href=\"https:\/\/vimmerby.naturskyddsforeningen.se\/wp-content\/uploads\/sites\/46\/2019\/10\/natursnok.jpg\"><img loading=\"lazy\" decoding=\"async\" class=\"alignnone size-medium wp-image-1336\" src=\"https:\/\/vimmerby.naturskyddsforeningen.se\/wp-content\/uploads\/sites\/46\/2019\/10\/natursnok-300x101.jpg\" alt=\"\" width=\"300\" height=\"101\" srcset=\"https:\/\/vimmerby.naturskyddsforeningen.se\/wp-content\/uploads\/sites\/46\/2019\/10\/natursnok-300x101.jpg 300w, https:\/\/vimmerby.naturskyddsforeningen.se\/wp-content\/uploads\/sites\/46\/2019\/10\/natursnok.jpg 388w\" sizes=\"(max-width: 300px) 100vw, 300px\" \/><\/a><\/p>\n<p>Natursnokarna \u00e4r Naturskyddsf\u00f6reningens barn- och familjeverksamhet d\u00e4r barn och deras vuxna uppt\u00e4cker naturen tillsammans. Har du id\u00e9er p\u00e5 aktiviteter eller vill hj\u00e4lpa till som ledare s\u00e5 h\u00f6r av dig till oss!<\/p>\n","protected":false},"excerpt":{"rendered":"<p>Natursnokarna \u00e4r Naturskyddsf\u00f6reningens barn- och familjeverksamhet d\u00e4r barn och deras vuxna uppt\u00e4cker naturen tillsammans. Har du id\u00e9er p\u00e5 aktiviteter eller vill hj\u00e4lpa till som ledare s\u00e5 h\u00f6r av dig till oss!<\/p>\n","protected":false},"author":32,"featured_media":0,"parent":0,"menu_order":0,"comment_status":"closed","ping_status":"closed","template":"","meta":{"_acf_changed":false,"footnotes":""},"acf":[],"jetpack_sharing_enabled":true,"featured_image_src":null,"featured_image_src_square":null,"_links":{"self":[{"href":"https:\/\/vimmerby.naturskyddsforeningen.se\/index.php?rest_route=\/wp\/v2\/pages\/1485"}],"collection":[{"href":"https:\/\/vimmerby.naturskyddsforeningen.se\/index.php?rest_route=\/wp\/v2\/pages"}],"about":[{"href":"https:\/\/vimmerby.naturskyddsforeningen.se\/index.php?rest_route=\/wp\/v2\/types\/page"}],"author":[{"embeddable":true,"href":"https:\/\/vimmerby.naturskyddsforeningen.se\/index.php?rest_route=\/wp\/v2\/users\/32"}],"replies":[{"embeddable":true,"href":"https:\/\/vimmerby.naturskyddsforeningen.se\/index.php?rest_route=%2Fwp%2Fv2%2Fcomments&post=1485"}],"version-history":[{"count":3,"href":"https:\/\/vimmerby.naturskyddsforeningen.se\/index.php?rest_route=\/wp\/v2\/pages\/1485\/revisions"}],"predecessor-version":[{"id":1521,"href":"https:\/\/vimmerby.naturskyddsforeningen.se\/index.php?rest_route=\/wp\/v2\/pages\/1485\/revisions\/1521"}],"wp:attachment":[{"href":"https:\/\/vimmerby.naturskyddsforeningen.se\/index.php?rest_route=%2Fwp%2Fv2%2Fmedia&parent=1485"}],"curies":[{"name":"wp","href":"https:\/\/api.w.org\/{rel}","templated":true}]}}