{"id":131,"date":"2013-10-09T16:42:00","date_gmt":"2013-10-09T14:42:00","guid":{"rendered":"http:\/\/sevedebygden.naturskyddsforeningen.se\/?page_id=131"},"modified":"2016-03-24T10:00:46","modified_gmt":"2016-03-24T09:00:46","slug":"naturreservat","status":"publish","type":"page","link":"https:\/\/vimmerby.naturskyddsforeningen.se\/?page_id=131","title":{"rendered":"Naturreservat"},"content":{"rendered":"<h3><a href=\"https:\/\/vimmerby.naturskyddsforeningen.se\/wp-content\/uploads\/sites\/46\/2013\/10\/norra-kvill_07.jpg\"><img loading=\"lazy\" decoding=\"async\" class=\"alignnone size-medium wp-image-134\" src=\"https:\/\/vimmerby.naturskyddsforeningen.se\/wp-content\/uploads\/sites\/46\/2013\/10\/norra-kvill_07-300x225.jpg\" alt=\"norra kvill_07\" width=\"300\" height=\"225\" srcset=\"https:\/\/vimmerby.naturskyddsforeningen.se\/wp-content\/uploads\/sites\/46\/2013\/10\/norra-kvill_07-300x225.jpg 300w, https:\/\/vimmerby.naturskyddsforeningen.se\/wp-content\/uploads\/sites\/46\/2013\/10\/norra-kvill_07-1024x768.jpg 1024w, https:\/\/vimmerby.naturskyddsforeningen.se\/wp-content\/uploads\/sites\/46\/2013\/10\/norra-kvill_07-560x420.jpg 560w, https:\/\/vimmerby.naturskyddsforeningen.se\/wp-content\/uploads\/sites\/46\/2013\/10\/norra-kvill_07.jpg 1600w\" sizes=\"(max-width: 300px) 100vw, 300px\" \/><\/a>\u00a0\u00a0<a href=\"https:\/\/vimmerby.naturskyddsforeningen.se\/wp-content\/uploads\/sites\/46\/2015\/07\/kvilleken_maj2015.jpg\" rel=\"attachment wp-att-736\"><img loading=\"lazy\" decoding=\"async\" class=\"alignnone size-medium wp-image-736\" src=\"https:\/\/vimmerby.naturskyddsforeningen.se\/wp-content\/uploads\/sites\/46\/2015\/07\/kvilleken_maj2015-300x224.jpg\" alt=\"kvilleken_maj2015\" width=\"300\" height=\"224\" srcset=\"https:\/\/vimmerby.naturskyddsforeningen.se\/wp-content\/uploads\/sites\/46\/2015\/07\/kvilleken_maj2015-300x224.jpg 300w, https:\/\/vimmerby.naturskyddsforeningen.se\/wp-content\/uploads\/sites\/46\/2015\/07\/kvilleken_maj2015.jpg 472w\" sizes=\"(max-width: 300px) 100vw, 300px\" \/><\/a><br \/>\nVimmerby kommuns f\u00f6rsta naturreservat<\/h3>\n<p>Inom naturreservatet st\u00e5r den drygt 1000-\u00e5riga Kvilleken, Sveriges \u00e4ldsta tr\u00e4d. Syftet med reservatet \u00e4r att bevara och utveckla gamla ekar som kan bli eftertr\u00e4dare till Kvilleken samt bevara hotade arter och kulturhistoriska v\u00e4rden.Beslutet om bildande av naturreservatet Kvill, med den riksbekanta Kvilleken, har vunnit laga kraft. Detta inneb\u00e4r att Vimmerby kommun har f\u00e5tt sitt f\u00f6rsta naturreservat. Inom naturreservatet finns b\u00e5de natursk\u00f6na \u00f6ppna betesmarker med enstaka buskar och \u00e4dell\u00f6vkl\u00e4dda marker med m\u00e5nga gamla tr\u00e4d. P\u00e5 de gamla tr\u00e4den v\u00e4xer ett flertal hotade lavar. Naturreservatet inneh\u00e5ller ocks\u00e5 flera kulturhistoriskt intressanta l\u00e4mningar och \u00e4r ett utm\u00e4rkt utflyktsm\u00e5l.<\/p>\n<p>Eken ligger vid Norra Kvill ungef\u00e4r tv\u00e5 mil NV\u00a0 Vimmerby. K\u00f6r mot Rumskulla fr\u00e5n<br \/>\nVimmerby eller Mariannelund. Skyltar finns utefter v\u00e4gen.<\/p>\n","protected":false},"excerpt":{"rendered":"<p>\u00a0\u00a0 Vimmerby kommuns f\u00f6rsta naturreservat Inom naturreservatet st\u00e5r den drygt 1000-\u00e5riga Kvilleken, Sveriges \u00e4ldsta tr\u00e4d. Syftet med reservatet \u00e4r att bevara och utveckla gamla ekar som kan bli eftertr\u00e4dare till Kvilleken samt bevara hotade arter och kulturhistoriska v\u00e4rden.Beslutet om bildande av naturreservatet Kvill, med den riksbekanta Kvilleken, har vunnit laga kraft. Detta inneb\u00e4r att Vimmerby [&hellip;]<\/p>\n","protected":false},"author":32,"featured_media":0,"parent":0,"menu_order":0,"comment_status":"open","ping_status":"open","template":"","meta":{"_acf_changed":false,"footnotes":""},"acf":[],"jetpack_sharing_enabled":true,"featured_image_src":null,"featured_image_src_square":null,"_links":{"self":[{"href":"https:\/\/vimmerby.naturskyddsforeningen.se\/index.php?rest_route=\/wp\/v2\/pages\/131"}],"collection":[{"href":"https:\/\/vimmerby.naturskyddsforeningen.se\/index.php?rest_route=\/wp\/v2\/pages"}],"about":[{"href":"https:\/\/vimmerby.naturskyddsforeningen.se\/index.php?rest_route=\/wp\/v2\/types\/page"}],"author":[{"embeddable":true,"href":"https:\/\/vimmerby.naturskyddsforeningen.se\/index.php?rest_route=\/wp\/v2\/users\/32"}],"replies":[{"embeddable":true,"href":"https:\/\/vimmerby.naturskyddsforeningen.se\/index.php?rest_route=%2Fwp%2Fv2%2Fcomments&post=131"}],"version-history":[{"count":6,"href":"https:\/\/vimmerby.naturskyddsforeningen.se\/index.php?rest_route=\/wp\/v2\/pages\/131\/revisions"}],"predecessor-version":[{"id":932,"href":"https:\/\/vimmerby.naturskyddsforeningen.se\/index.php?rest_route=\/wp\/v2\/pages\/131\/revisions\/932"}],"wp:attachment":[{"href":"https:\/\/vimmerby.naturskyddsforeningen.se\/index.php?rest_route=%2Fwp%2Fv2%2Fmedia&parent=131"}],"curies":[{"name":"wp","href":"https:\/\/api.w.org\/{rel}","templated":true}]}}