{"id":1053,"date":"2017-03-26T09:12:35","date_gmt":"2017-03-26T07:12:35","guid":{"rendered":"https:\/\/sevedebygden.naturskyddsforeningen.se\/?page_id=1053"},"modified":"2021-04-23T13:13:42","modified_gmt":"2021-04-23T11:13:42","slug":"svampexkursion","status":"publish","type":"page","link":"https:\/\/vimmerby.naturskyddsforeningen.se\/?page_id=1053","title":{"rendered":"Svampexkursion"},"content":{"rendered":"<p>En del \u00e5r ordnar vi svampexkursion p\u00e5, eller i n\u00e4rheten av, Svampens dag i september.<\/p>\n<p>&nbsp;<\/p>\n<p><a href=\"https:\/\/vimmerby.naturskyddsforeningen.se\/wp-content\/uploads\/sites\/46\/2017\/04\/kantarell.jpg\"><img loading=\"lazy\" decoding=\"async\" class=\" wp-image-1088 aligncenter\" src=\"https:\/\/vimmerby.naturskyddsforeningen.se\/wp-content\/uploads\/sites\/46\/2017\/04\/kantarell-300x150.jpg\" alt=\"\" width=\"422\" height=\"211\" srcset=\"https:\/\/vimmerby.naturskyddsforeningen.se\/wp-content\/uploads\/sites\/46\/2017\/04\/kantarell-300x150.jpg 300w, https:\/\/vimmerby.naturskyddsforeningen.se\/wp-content\/uploads\/sites\/46\/2017\/04\/kantarell-316x159.jpg 316w, https:\/\/vimmerby.naturskyddsforeningen.se\/wp-content\/uploads\/sites\/46\/2017\/04\/kantarell.jpg 318w\" sizes=\"(max-width: 422px) 100vw, 422px\" \/><\/a><\/p>\n","protected":false},"excerpt":{"rendered":"<p>En del \u00e5r ordnar vi svampexkursion p\u00e5, eller i n\u00e4rheten av, Svampens dag i september. &nbsp;<\/p>\n","protected":false},"author":32,"featured_media":0,"parent":0,"menu_order":0,"comment_status":"closed","ping_status":"closed","template":"","meta":{"_acf_changed":false,"footnotes":""},"acf":[],"jetpack_sharing_enabled":true,"featured_image_src":null,"featured_image_src_square":null,"_links":{"self":[{"href":"https:\/\/vimmerby.naturskyddsforeningen.se\/index.php?rest_route=\/wp\/v2\/pages\/1053"}],"collection":[{"href":"https:\/\/vimmerby.naturskyddsforeningen.se\/index.php?rest_route=\/wp\/v2\/pages"}],"about":[{"href":"https:\/\/vimmerby.naturskyddsforeningen.se\/index.php?rest_route=\/wp\/v2\/types\/page"}],"author":[{"embeddable":true,"href":"https:\/\/vimmerby.naturskyddsforeningen.se\/index.php?rest_route=\/wp\/v2\/users\/32"}],"replies":[{"embeddable":true,"href":"https:\/\/vimmerby.naturskyddsforeningen.se\/index.php?rest_route=%2Fwp%2Fv2%2Fcomments&post=1053"}],"version-history":[{"count":8,"href":"https:\/\/vimmerby.naturskyddsforeningen.se\/index.php?rest_route=\/wp\/v2\/pages\/1053\/revisions"}],"predecessor-version":[{"id":1534,"href":"https:\/\/vimmerby.naturskyddsforeningen.se\/index.php?rest_route=\/wp\/v2\/pages\/1053\/revisions\/1534"}],"wp:attachment":[{"href":"https:\/\/vimmerby.naturskyddsforeningen.se\/index.php?rest_route=%2Fwp%2Fv2%2Fmedia&parent=1053"}],"curies":[{"name":"wp","href":"https:\/\/api.w.org\/{rel}","templated":true}]}}