{"id":1050,"date":"2017-03-26T09:07:04","date_gmt":"2017-03-26T07:07:04","guid":{"rendered":"https:\/\/sevedebygden.naturskyddsforeningen.se\/?page_id=1050"},"modified":"2021-04-22T17:27:23","modified_gmt":"2021-04-22T15:27:23","slug":"de-vilda-blommornas-dag","status":"publish","type":"page","link":"https:\/\/vimmerby.naturskyddsforeningen.se\/?page_id=1050","title":{"rendered":"De vilda blommornas dag"},"content":{"rendered":"<h3><a href=\"https:\/\/vimmerby.naturskyddsforeningen.se\/wp-content\/uploads\/sites\/46\/2014\/02\/de-vilda-bl.-dag.jpg\"><img loading=\"lazy\" decoding=\"async\" class=\"alignnone size-medium wp-image-386\" src=\"https:\/\/vimmerby.naturskyddsforeningen.se\/wp-content\/uploads\/sites\/46\/2014\/02\/de-vilda-bl.-dag-300x225.jpg\" alt=\"\" width=\"300\" height=\"225\" srcset=\"https:\/\/vimmerby.naturskyddsforeningen.se\/wp-content\/uploads\/sites\/46\/2014\/02\/de-vilda-bl.-dag-300x225.jpg 300w, https:\/\/vimmerby.naturskyddsforeningen.se\/wp-content\/uploads\/sites\/46\/2014\/02\/de-vilda-bl.-dag.jpg 378w\" sizes=\"(max-width: 300px) 100vw, 300px\" \/><\/a><\/h3>\n<p><strong>De vilda blommornas dag<\/strong> brukar g\u00e5 av stapel i juni genom en exkursion med hemligt m\u00e5l, ledd av kunniga S\u00f6ren Mj\u00f6sberg<\/p>\n","protected":false},"excerpt":{"rendered":"<p>De vilda blommornas dag brukar g\u00e5 av stapel i juni genom en exkursion med hemligt m\u00e5l, ledd av kunniga S\u00f6ren Mj\u00f6sberg<\/p>\n","protected":false},"author":32,"featured_media":0,"parent":0,"menu_order":0,"comment_status":"closed","ping_status":"closed","template":"","meta":{"_acf_changed":false,"footnotes":""},"acf":[],"jetpack_sharing_enabled":true,"featured_image_src":null,"featured_image_src_square":null,"_links":{"self":[{"href":"https:\/\/vimmerby.naturskyddsforeningen.se\/index.php?rest_route=\/wp\/v2\/pages\/1050"}],"collection":[{"href":"https:\/\/vimmerby.naturskyddsforeningen.se\/index.php?rest_route=\/wp\/v2\/pages"}],"about":[{"href":"https:\/\/vimmerby.naturskyddsforeningen.se\/index.php?rest_route=\/wp\/v2\/types\/page"}],"author":[{"embeddable":true,"href":"https:\/\/vimmerby.naturskyddsforeningen.se\/index.php?rest_route=\/wp\/v2\/users\/32"}],"replies":[{"embeddable":true,"href":"https:\/\/vimmerby.naturskyddsforeningen.se\/index.php?rest_route=%2Fwp%2Fv2%2Fcomments&post=1050"}],"version-history":[{"count":16,"href":"https:\/\/vimmerby.naturskyddsforeningen.se\/index.php?rest_route=\/wp\/v2\/pages\/1050\/revisions"}],"predecessor-version":[{"id":1475,"href":"https:\/\/vimmerby.naturskyddsforeningen.se\/index.php?rest_route=\/wp\/v2\/pages\/1050\/revisions\/1475"}],"wp:attachment":[{"href":"https:\/\/vimmerby.naturskyddsforeningen.se\/index.php?rest_route=%2Fwp%2Fv2%2Fmedia&parent=1050"}],"curies":[{"name":"wp","href":"https:\/\/api.w.org\/{rel}","templated":true}]}}