{"id":1047,"date":"2017-03-26T09:03:06","date_gmt":"2017-03-26T07:03:06","guid":{"rendered":"https:\/\/sevedebygden.naturskyddsforeningen.se\/?page_id=1047"},"modified":"2021-04-23T13:11:23","modified_gmt":"2021-04-23T11:11:23","slug":"nationalparkernas-dag","status":"publish","type":"page","link":"https:\/\/vimmerby.naturskyddsforeningen.se\/?page_id=1047","title":{"rendered":"Nationalparkernas dag"},"content":{"rendered":"<p><a href=\"https:\/\/vimmerby.naturskyddsforeningen.se\/wp-content\/uploads\/sites\/46\/2016\/03\/nationalparken_15.jpg\"><img loading=\"lazy\" decoding=\"async\" class=\"wp-image-937 aligncenter\" src=\"https:\/\/vimmerby.naturskyddsforeningen.se\/wp-content\/uploads\/sites\/46\/2016\/03\/nationalparken_15-300x225.jpg\" alt=\"\" width=\"451\" height=\"338\" srcset=\"https:\/\/vimmerby.naturskyddsforeningen.se\/wp-content\/uploads\/sites\/46\/2016\/03\/nationalparken_15-300x225.jpg 300w, https:\/\/vimmerby.naturskyddsforeningen.se\/wp-content\/uploads\/sites\/46\/2016\/03\/nationalparken_15-768x576.jpg 768w, https:\/\/vimmerby.naturskyddsforeningen.se\/wp-content\/uploads\/sites\/46\/2016\/03\/nationalparken_15-1024x768.jpg 1024w, https:\/\/vimmerby.naturskyddsforeningen.se\/wp-content\/uploads\/sites\/46\/2016\/03\/nationalparken_15-560x420.jpg 560w, https:\/\/vimmerby.naturskyddsforeningen.se\/wp-content\/uploads\/sites\/46\/2016\/03\/nationalparken_15.jpg 2048w\" sizes=\"(max-width: 451px) 100vw, 451px\" \/><\/a><\/p>\n<p><strong><span style=\"color: #000000\">Nationalparkernas dag 24 maj<\/span><\/strong><\/p>\n<p>Nationalparkernas dag \u00e4r ett m\u00e5ng\u00e5rigt samarbete mellan L\u00e4nsstyrelsen i Kalmar, Naturskyddsf\u00f6reningen Vimmerby och Rumskulla hembygdsf\u00f6rening.<\/p>\n","protected":false},"excerpt":{"rendered":"<p>Nationalparkernas dag 24 maj Nationalparkernas dag \u00e4r ett m\u00e5ng\u00e5rigt samarbete mellan L\u00e4nsstyrelsen i Kalmar, Naturskyddsf\u00f6reningen Vimmerby och Rumskulla hembygdsf\u00f6rening.<\/p>\n","protected":false},"author":32,"featured_media":0,"parent":0,"menu_order":0,"comment_status":"closed","ping_status":"closed","template":"","meta":{"_acf_changed":false,"footnotes":""},"acf":[],"jetpack_sharing_enabled":true,"featured_image_src":null,"featured_image_src_square":null,"_links":{"self":[{"href":"https:\/\/vimmerby.naturskyddsforeningen.se\/index.php?rest_route=\/wp\/v2\/pages\/1047"}],"collection":[{"href":"https:\/\/vimmerby.naturskyddsforeningen.se\/index.php?rest_route=\/wp\/v2\/pages"}],"about":[{"href":"https:\/\/vimmerby.naturskyddsforeningen.se\/index.php?rest_route=\/wp\/v2\/types\/page"}],"author":[{"embeddable":true,"href":"https:\/\/vimmerby.naturskyddsforeningen.se\/index.php?rest_route=\/wp\/v2\/users\/32"}],"replies":[{"embeddable":true,"href":"https:\/\/vimmerby.naturskyddsforeningen.se\/index.php?rest_route=%2Fwp%2Fv2%2Fcomments&post=1047"}],"version-history":[{"count":15,"href":"https:\/\/vimmerby.naturskyddsforeningen.se\/index.php?rest_route=\/wp\/v2\/pages\/1047\/revisions"}],"predecessor-version":[{"id":1076,"href":"https:\/\/vimmerby.naturskyddsforeningen.se\/index.php?rest_route=\/wp\/v2\/pages\/1047\/revisions\/1076"}],"wp:attachment":[{"href":"https:\/\/vimmerby.naturskyddsforeningen.se\/index.php?rest_route=%2Fwp%2Fv2%2Fmedia&parent=1047"}],"curies":[{"name":"wp","href":"https:\/\/api.w.org\/{rel}","templated":true}]}}