{"id":1042,"date":"2017-03-26T08:58:21","date_gmt":"2017-03-26T06:58:21","guid":{"rendered":"https:\/\/sevedebygden.naturskyddsforeningen.se\/?page_id=1042"},"modified":"2021-04-23T13:11:59","modified_gmt":"2021-04-23T11:11:59","slug":"djursdalarundan","status":"publish","type":"page","link":"https:\/\/vimmerby.naturskyddsforeningen.se\/?page_id=1042","title":{"rendered":"Djursdalarundan"},"content":{"rendered":"<h3><a href=\"https:\/\/vimmerby.naturskyddsforeningen.se\/wp-content\/uploads\/sites\/46\/2013\/10\/PICT2412.jpg\"><img loading=\"lazy\" decoding=\"async\" class=\"alignnone size-medium wp-image-128\" src=\"https:\/\/vimmerby.naturskyddsforeningen.se\/wp-content\/uploads\/sites\/46\/2013\/10\/PICT2412-300x225.jpg\" alt=\"\" width=\"300\" height=\"225\" srcset=\"https:\/\/vimmerby.naturskyddsforeningen.se\/wp-content\/uploads\/sites\/46\/2013\/10\/PICT2412-300x225.jpg 300w, https:\/\/vimmerby.naturskyddsforeningen.se\/wp-content\/uploads\/sites\/46\/2013\/10\/PICT2412-1024x768.jpg 1024w, https:\/\/vimmerby.naturskyddsforeningen.se\/wp-content\/uploads\/sites\/46\/2013\/10\/PICT2412-560x420.jpg 560w, https:\/\/vimmerby.naturskyddsforeningen.se\/wp-content\/uploads\/sites\/46\/2013\/10\/PICT2412.jpg 2048w\" sizes=\"(max-width: 300px) 100vw, 300px\" \/><\/a><\/h3>\n<h3>Djursdalarundan<\/h3>\n<p>Djursdalarundan \u00e4r en ca 7 km l\u00e5ng vandringsled genom vacker och omv\u00e4xlande natur med kulturl\u00e4mningar. Start finns vid Ungstorp och Snokebo. Sista s\u00f6ndagen i april brukar en v\u00e4lbes\u00f6kt, gemensam vandring med start mellan kl 10-11 ordnas.<\/p>\n","protected":false},"excerpt":{"rendered":"<p>Djursdalarundan Djursdalarundan \u00e4r en ca 7 km l\u00e5ng vandringsled genom vacker och omv\u00e4xlande natur med kulturl\u00e4mningar. Start finns vid Ungstorp och Snokebo. Sista s\u00f6ndagen i april brukar en v\u00e4lbes\u00f6kt, gemensam vandring med start mellan kl 10-11 ordnas.<\/p>\n","protected":false},"author":32,"featured_media":0,"parent":0,"menu_order":0,"comment_status":"closed","ping_status":"closed","template":"","meta":{"_acf_changed":false,"footnotes":""},"acf":[],"jetpack_sharing_enabled":true,"featured_image_src":null,"featured_image_src_square":null,"_links":{"self":[{"href":"https:\/\/vimmerby.naturskyddsforeningen.se\/index.php?rest_route=\/wp\/v2\/pages\/1042"}],"collection":[{"href":"https:\/\/vimmerby.naturskyddsforeningen.se\/index.php?rest_route=\/wp\/v2\/pages"}],"about":[{"href":"https:\/\/vimmerby.naturskyddsforeningen.se\/index.php?rest_route=\/wp\/v2\/types\/page"}],"author":[{"embeddable":true,"href":"https:\/\/vimmerby.naturskyddsforeningen.se\/index.php?rest_route=\/wp\/v2\/users\/32"}],"replies":[{"embeddable":true,"href":"https:\/\/vimmerby.naturskyddsforeningen.se\/index.php?rest_route=%2Fwp%2Fv2%2Fcomments&post=1042"}],"version-history":[{"count":17,"href":"https:\/\/vimmerby.naturskyddsforeningen.se\/index.php?rest_route=\/wp\/v2\/pages\/1042\/revisions"}],"predecessor-version":[{"id":1531,"href":"https:\/\/vimmerby.naturskyddsforeningen.se\/index.php?rest_route=\/wp\/v2\/pages\/1042\/revisions\/1531"}],"wp:attachment":[{"href":"https:\/\/vimmerby.naturskyddsforeningen.se\/index.php?rest_route=%2Fwp%2Fv2%2Fmedia&parent=1042"}],"curies":[{"name":"wp","href":"https:\/\/api.w.org\/{rel}","templated":true}]}}