{"id":1039,"date":"2017-03-26T08:55:38","date_gmt":"2017-03-26T06:55:38","guid":{"rendered":"https:\/\/sevedebygden.naturskyddsforeningen.se\/?page_id=1039"},"modified":"2021-04-23T13:10:11","modified_gmt":"2021-04-23T11:10:11","slug":"fagning-pa-sundsangen","status":"publish","type":"page","link":"https:\/\/vimmerby.naturskyddsforeningen.se\/?page_id=1039","title":{"rendered":"Fagning av Sunds\u00e4ngen"},"content":{"rendered":"<p><b>Fagning i b\u00f6rjan av v\u00e5ren<br \/>\n<\/b>F\u00f6r att beh\u00e5lla sin biologiska m\u00e5ngfald och sitt kulturhistoriska v\u00e4rde beh\u00f6ver l\u00f6v\u00e4ngen sk\u00f6tas tv\u00e5 g\u00e5nger\/\u00e5r. Fagningen (st\u00e4da\/r\u00e4fsa l\u00f6v) i b\u00f6rjan av v\u00e5ren och sl\u00e5ttern, ev med h\u00f6h\u00e4ssjning, i slutet av sommaren. Kretsen f\u00e5r ocks\u00e5 ett bidrag fr\u00e5n Jordbruksverket f\u00f6r sk\u00f6tseln. Ta g\u00e4rna med r\u00e4fsa om du vill, annars finns det att l\u00e5na.<br \/>\nGl\u00f6m inte fikakorgen!<br \/>\n<em><br \/>\n<\/em>Sunds\u00e4ngen hittar du om du k\u00f6r via S\u00f6dra Vi och vidare mot Djursdala. Efter att du passerat Kr\u00f6nsbron \u00e4r det bara en knapp kilometer upp till h\u00f6ger i backen. Fr\u00e5n Vimmerby via Pr\u00e4stg\u00e5rdsgatan, k\u00f6r mot Djursdala, sv\u00e4ng h\u00f6ger vid korsningen S\u00f6dra Vi-Djursdala.<br \/>\n<strong style=\"font-family: inherit;font-size: inherit\">Varmt v\u00e4lkomna!<\/strong><\/p>\n<p>&nbsp;<\/p>\n<p><a href=\"https:\/\/vimmerby.naturskyddsforeningen.se\/wp-content\/uploads\/sites\/46\/2014\/02\/7.jpg\"><img loading=\"lazy\" decoding=\"async\" class=\"alignnone size-medium wp-image-381\" src=\"https:\/\/vimmerby.naturskyddsforeningen.se\/wp-content\/uploads\/sites\/46\/2014\/02\/7-300x225.jpg\" alt=\"\" width=\"300\" height=\"225\" srcset=\"https:\/\/vimmerby.naturskyddsforeningen.se\/wp-content\/uploads\/sites\/46\/2014\/02\/7-300x225.jpg 300w, https:\/\/vimmerby.naturskyddsforeningen.se\/wp-content\/uploads\/sites\/46\/2014\/02\/7.jpg 378w\" sizes=\"(max-width: 300px) 100vw, 300px\" \/>\u00a0\u00a0\u00a0\u00a0\u00a0\u00a0<\/a><a href=\"https:\/\/vimmerby.naturskyddsforeningen.se\/wp-content\/uploads\/sites\/46\/2017\/08\/sunds\u00e4ngen.jpg\"><img loading=\"lazy\" decoding=\"async\" class=\"alignnone size-medium wp-image-1143\" src=\"https:\/\/vimmerby.naturskyddsforeningen.se\/wp-content\/uploads\/sites\/46\/2017\/08\/sunds\u00e4ngen-300x228.jpg\" alt=\"\" width=\"300\" height=\"228\" srcset=\"https:\/\/vimmerby.naturskyddsforeningen.se\/wp-content\/uploads\/sites\/46\/2017\/08\/sunds\u00e4ngen-300x228.jpg 300w, https:\/\/vimmerby.naturskyddsforeningen.se\/wp-content\/uploads\/sites\/46\/2017\/08\/sunds\u00e4ngen-768x583.jpg 768w, https:\/\/vimmerby.naturskyddsforeningen.se\/wp-content\/uploads\/sites\/46\/2017\/08\/sunds\u00e4ngen-560x425.jpg 560w, https:\/\/vimmerby.naturskyddsforeningen.se\/wp-content\/uploads\/sites\/46\/2017\/08\/sunds\u00e4ngen.jpg 807w\" sizes=\"(max-width: 300px) 100vw, 300px\" \/><\/a><\/p>\n<p>&nbsp;<\/p>\n","protected":false},"excerpt":{"rendered":"<p>Fagning i b\u00f6rjan av v\u00e5ren F\u00f6r att beh\u00e5lla sin biologiska m\u00e5ngfald och sitt kulturhistoriska v\u00e4rde beh\u00f6ver l\u00f6v\u00e4ngen sk\u00f6tas tv\u00e5 g\u00e5nger\/\u00e5r. Fagningen (st\u00e4da\/r\u00e4fsa l\u00f6v) i b\u00f6rjan av v\u00e5ren och sl\u00e5ttern, ev med h\u00f6h\u00e4ssjning, i slutet av sommaren. Kretsen f\u00e5r ocks\u00e5 ett bidrag fr\u00e5n Jordbruksverket f\u00f6r sk\u00f6tseln. Ta g\u00e4rna med r\u00e4fsa om du vill, annars finns det [&hellip;]<\/p>\n","protected":false},"author":32,"featured_media":0,"parent":0,"menu_order":0,"comment_status":"closed","ping_status":"closed","template":"","meta":{"_acf_changed":false,"footnotes":""},"acf":[],"jetpack_sharing_enabled":true,"featured_image_src":null,"featured_image_src_square":null,"_links":{"self":[{"href":"https:\/\/vimmerby.naturskyddsforeningen.se\/index.php?rest_route=\/wp\/v2\/pages\/1039"}],"collection":[{"href":"https:\/\/vimmerby.naturskyddsforeningen.se\/index.php?rest_route=\/wp\/v2\/pages"}],"about":[{"href":"https:\/\/vimmerby.naturskyddsforeningen.se\/index.php?rest_route=\/wp\/v2\/types\/page"}],"author":[{"embeddable":true,"href":"https:\/\/vimmerby.naturskyddsforeningen.se\/index.php?rest_route=\/wp\/v2\/users\/32"}],"replies":[{"embeddable":true,"href":"https:\/\/vimmerby.naturskyddsforeningen.se\/index.php?rest_route=%2Fwp%2Fv2%2Fcomments&post=1039"}],"version-history":[{"count":20,"href":"https:\/\/vimmerby.naturskyddsforeningen.se\/index.php?rest_route=\/wp\/v2\/pages\/1039\/revisions"}],"predecessor-version":[{"id":1529,"href":"https:\/\/vimmerby.naturskyddsforeningen.se\/index.php?rest_route=\/wp\/v2\/pages\/1039\/revisions\/1529"}],"wp:attachment":[{"href":"https:\/\/vimmerby.naturskyddsforeningen.se\/index.php?rest_route=%2Fwp%2Fv2%2Fmedia&parent=1039"}],"curies":[{"name":"wp","href":"https:\/\/api.w.org\/{rel}","templated":true}]}}